{"id":222,"date":"2025-10-16T18:46:02","date_gmt":"2025-10-16T18:46:02","guid":{"rendered":"https:\/\/labcema.com.br\/site\/?page_id=222"},"modified":"2025-12-11T14:41:15","modified_gmt":"2025-12-11T14:41:15","slug":"parcerias","status":"publish","type":"page","link":"https:\/\/labcema.com.br\/site\/parcerias\/","title":{"rendered":"PARCEIROS"},"content":{"rendered":"\n<div class=\"wp-block-cover alignfull\" style=\"margin-bottom:var(--wp--preset--spacing--80);min-height:146px;aspect-ratio:unset;\"><span aria-hidden=\"true\" class=\"wp-block-cover__background has-palette-color-17-background-color has-background-dim-100 has-background-dim\"><\/span><div class=\"wp-block-cover__inner-container is-layout-constrained wp-block-cover-is-layout-constrained\">\n<h1 class=\"wp-block-heading has-text-align-left has-palette-color-8-color has-text-color has-link-color has-large-font-size wp-elements-b04f45ee0dfbcfa34371aa821a31c104\">APOIOS e PARCEIROS<\/h1>\n<\/div><\/div>\n\n\n\n<div class=\"wp-block-uagb-container uagb-block-43585a76 alignfull uagb-is-root-container\"><div class=\"uagb-container-inner-blocks-wrap\">\n<div class=\"wp-block-uagb-container uagb-block-25688218\">\n<figure class=\"wp-block-image size-full\"><img loading=\"lazy\" decoding=\"async\" width=\"600\" height=\"337\" src=\"https:\/\/labcema.com.br\/site\/wp-content\/uploads\/2025\/12\/faperj-fundacao-carlos-chagas-filho-logo-png_seeklogo-282141-e1765394035213.png\" alt=\"\" class=\"wp-image-1247\" srcset=\"https:\/\/labcema.com.br\/site\/wp-content\/uploads\/2025\/12\/faperj-fundacao-carlos-chagas-filho-logo-png_seeklogo-282141-e1765394035213.png 600w, https:\/\/labcema.com.br\/site\/wp-content\/uploads\/2025\/12\/faperj-fundacao-carlos-chagas-filho-logo-png_seeklogo-282141-e1765394035213-300x169.png 300w\" sizes=\"auto, (max-width: 600px) 100vw, 600px\" \/><\/figure>\n<\/div>\n\n\n\n<div class=\"wp-block-uagb-container uagb-block-86c7ffe8\">\n<p><strong>FAPERJ<\/strong><\/p>\n<\/div>\n<\/div><\/div>\n\n\n\n<hr class=\"wp-block-separator has-alpha-channel-opacity is-style-wide\"\/>\n\n\n\n<div class=\"wp-block-uagb-container uagb-block-3cfe897e alignfull uagb-is-root-container\"><div class=\"uagb-container-inner-blocks-wrap\">\n<div class=\"wp-block-uagb-container uagb-block-42726279\">\n<figure class=\"wp-block-image size-full\"><img loading=\"lazy\" decoding=\"async\" width=\"725\" height=\"286\" src=\"https:\/\/labcema.com.br\/site\/wp-content\/uploads\/2025\/12\/PPGHCA.jpg\" alt=\"\" class=\"wp-image-1248\" srcset=\"https:\/\/labcema.com.br\/site\/wp-content\/uploads\/2025\/12\/PPGHCA.jpg 725w, https:\/\/labcema.com.br\/site\/wp-content\/uploads\/2025\/12\/PPGHCA-300x118.jpg 300w\" sizes=\"auto, (max-width: 725px) 100vw, 725px\" \/><\/figure>\n<\/div>\n\n\n\n<div class=\"wp-block-uagb-container uagb-block-72ba9cad\">\n<p><strong>PPGHCA<\/strong><\/p>\n<\/div>\n<\/div><\/div>\n\n\n\n<hr class=\"wp-block-separator has-alpha-channel-opacity is-style-wide\"\/>\n\n\n\n<div class=\"wp-block-uagb-container uagb-block-7445ab05 alignfull uagb-is-root-container\"><div class=\"uagb-container-inner-blocks-wrap\">\n<div class=\"wp-block-uagb-container uagb-block-ec15e8f1\">\n<figure class=\"wp-block-image size-full\"><img loading=\"lazy\" decoding=\"async\" width=\"414\" height=\"187\" src=\"https:\/\/labcema.com.br\/site\/wp-content\/uploads\/2025\/12\/observatorio-patrimonio-do-sudeste.png\" alt=\"\" class=\"wp-image-1249\" srcset=\"https:\/\/labcema.com.br\/site\/wp-content\/uploads\/2025\/12\/observatorio-patrimonio-do-sudeste.png 414w, https:\/\/labcema.com.br\/site\/wp-content\/uploads\/2025\/12\/observatorio-patrimonio-do-sudeste-300x136.png 300w\" sizes=\"auto, (max-width: 414px) 100vw, 414px\" \/><\/figure>\n<\/div>\n\n\n\n<div class=\"wp-block-uagb-container uagb-block-a1b0e9ba\">\n<p><strong>Observat\u00f3rio Patrim\u00f4nio do Sudeste<\/strong><\/p>\n<\/div>\n<\/div><\/div>\n\n\n\n<hr class=\"wp-block-separator has-alpha-channel-opacity is-style-wide\"\/>\n\n\n\n<div class=\"wp-block-uagb-container uagb-block-42e9086c alignfull uagb-is-root-container\"><div class=\"uagb-container-inner-blocks-wrap\">\n<div class=\"wp-block-uagb-container uagb-block-01332a6a\">\n<figure class=\"wp-block-image aligncenter size-full is-resized\"><img loading=\"lazy\" decoding=\"async\" width=\"260\" height=\"260\" src=\"https:\/\/labcema.com.br\/site\/wp-content\/uploads\/2025\/12\/escola-de-cultura-secec-e1765395458797.jpg\" alt=\"\" class=\"wp-image-1250\" style=\"width:169px\"\/><\/figure>\n<\/div>\n\n\n\n<div class=\"wp-block-uagb-container uagb-block-d7811207\">\n<p><strong>Escola de Cultura da Secretaria do Estado do Rio de Janeiro de Cultura e Economia Criativa<\/strong><\/p>\n<\/div>\n<\/div><\/div>\n\n\n\n<hr class=\"wp-block-separator has-alpha-channel-opacity is-style-wide\"\/>\n\n\n\n<div class=\"wp-block-uagb-container uagb-block-a27a6b23 alignfull uagb-is-root-container\"><div class=\"uagb-container-inner-blocks-wrap\">\n<div class=\"wp-block-uagb-container uagb-block-96286547\">\n<figure class=\"wp-block-image aligncenter size-full is-resized\"><img loading=\"lazy\" decoding=\"async\" width=\"160\" height=\"160\" src=\"https:\/\/labcema.com.br\/site\/wp-content\/uploads\/2025\/12\/nupam.jpg\" alt=\"\" class=\"wp-image-1251\" style=\"width:170px\" srcset=\"https:\/\/labcema.com.br\/site\/wp-content\/uploads\/2025\/12\/nupam.jpg 160w, https:\/\/labcema.com.br\/site\/wp-content\/uploads\/2025\/12\/nupam-150x150.jpg 150w\" sizes=\"auto, (max-width: 160px) 100vw, 160px\" \/><\/figure>\n<\/div>\n\n\n\n<div class=\"wp-block-uagb-container uagb-block-61b0758e\">\n<p><strong>Nupam: N\u00facleo de Patrim\u00f4nio, Arquitetura e Mem\u00f3ria da UFRRJ (Nova Igua\u00e7u)<\/strong><\/p>\n<\/div>\n<\/div><\/div>\n\n\n\n<hr class=\"wp-block-separator has-alpha-channel-opacity is-style-wide\"\/>\n\n\n\n<div class=\"wp-block-uagb-container uagb-block-1009b284 alignfull uagb-is-root-container\"><div class=\"uagb-container-inner-blocks-wrap\">\n<div class=\"wp-block-uagb-container uagb-block-b39eef54\">\n<figure class=\"wp-block-image size-full\"><img loading=\"lazy\" decoding=\"async\" width=\"2560\" height=\"925\" src=\"https:\/\/labcema.com.br\/site\/wp-content\/uploads\/2025\/12\/Apoio_cultural_IH-CMDC-1-scaled.jpg\" alt=\"\" class=\"wp-image-1300\" srcset=\"https:\/\/labcema.com.br\/site\/wp-content\/uploads\/2025\/12\/Apoio_cultural_IH-CMDC-1-scaled.jpg 2560w, https:\/\/labcema.com.br\/site\/wp-content\/uploads\/2025\/12\/Apoio_cultural_IH-CMDC-1-300x108.jpg 300w, https:\/\/labcema.com.br\/site\/wp-content\/uploads\/2025\/12\/Apoio_cultural_IH-CMDC-1-1024x370.jpg 1024w, https:\/\/labcema.com.br\/site\/wp-content\/uploads\/2025\/12\/Apoio_cultural_IH-CMDC-1-768x277.jpg 768w, https:\/\/labcema.com.br\/site\/wp-content\/uploads\/2025\/12\/Apoio_cultural_IH-CMDC-1-1536x555.jpg 1536w, https:\/\/labcema.com.br\/site\/wp-content\/uploads\/2025\/12\/Apoio_cultural_IH-CMDC-1-2048x740.jpg 2048w\" sizes=\"auto, (max-width: 2560px) 100vw, 2560px\" \/><\/figure>\n<\/div>\n\n\n\n<div class=\"wp-block-uagb-container uagb-block-33627b18\">\n<p><strong>C\u00e2mara Municipal de Duque de Caxias<\/strong> | <strong>Instituto Hist\u00f3rico<\/strong><\/p>\n<\/div>\n<\/div><\/div>\n\n\n\n<hr class=\"wp-block-separator has-alpha-channel-opacity is-style-wide\"\/>\n\n\n\n<div style=\"height:36px\" aria-hidden=\"true\" class=\"wp-block-spacer\"><\/div>\n\n\n\n<h4 class=\"wp-block-heading\"><strong>Apoio Cultural<\/strong><\/h4>\n\n\n\n<div class=\"wp-block-uagb-container uagb-block-33df0abc alignfull uagb-is-root-container\"><div class=\"uagb-container-inner-blocks-wrap\">\n<div class=\"wp-block-uagb-container uagb-block-d7423969\">\n<figure class=\"wp-block-image aligncenter size-full is-resized\"><img loading=\"lazy\" decoding=\"async\" width=\"2261\" height=\"2105\" src=\"https:\/\/labcema.com.br\/site\/wp-content\/uploads\/2025\/12\/Apoio-Cultural_ASAMIH.jpg\" alt=\"\" class=\"wp-image-1258\" style=\"width:170px\" srcset=\"https:\/\/labcema.com.br\/site\/wp-content\/uploads\/2025\/12\/Apoio-Cultural_ASAMIH.jpg 2261w, https:\/\/labcema.com.br\/site\/wp-content\/uploads\/2025\/12\/Apoio-Cultural_ASAMIH-300x279.jpg 300w, https:\/\/labcema.com.br\/site\/wp-content\/uploads\/2025\/12\/Apoio-Cultural_ASAMIH-1024x953.jpg 1024w, https:\/\/labcema.com.br\/site\/wp-content\/uploads\/2025\/12\/Apoio-Cultural_ASAMIH-768x715.jpg 768w, https:\/\/labcema.com.br\/site\/wp-content\/uploads\/2025\/12\/Apoio-Cultural_ASAMIH-1536x1430.jpg 1536w\" sizes=\"auto, (max-width: 2261px) 100vw, 2261px\" \/><\/figure>\n<\/div>\n\n\n\n<div class=\"wp-block-uagb-container uagb-block-83fe2ddf\">\n<p><strong>Associa\u00e7\u00e3o dos Amigos do Instituto Hist\u00f3rico<\/strong><\/p>\n<\/div>\n<\/div><\/div>\n\n\n\n<hr class=\"wp-block-separator has-alpha-channel-opacity is-style-wide\"\/>\n\n\n\n<div style=\"height:100px\" aria-hidden=\"true\" class=\"wp-block-spacer\"><\/div>\n\n\n\n<p><\/p>\n","protected":false},"excerpt":{"rendered":"<p>FAPERJ PPGHCA Observat\u00f3rio Patrim\u00f4nio do Sudeste Escola de Cultura da Secretaria do Estado do Rio de Janeiro de Cultura e Economia Criativa Nupam: N\u00facleo de Patrim\u00f4nio, Arquitetura e Mem\u00f3ria da UFRRJ (Nova Igua\u00e7u) C\u00e2mara Municipal de Duque de Caxias | Instituto Hist\u00f3rico Apoio Cultural Associa\u00e7\u00e3o dos Amigos do Instituto Hist\u00f3rico<\/p>\n","protected":false},"author":1,"featured_media":0,"parent":0,"menu_order":0,"comment_status":"closed","ping_status":"closed","template":"","meta":{"_uag_custom_page_level_css":"","_themeisle_gutenberg_block_has_review":false,"footnotes":""},"categories":[],"tags":[],"class_list":["post-222","page","type-page","status-publish","hentry"],"blocksy_meta":{"has_hero_section":"disabled","styles_descriptor":{"styles":{"desktop":"","tablet":"","mobile":""},"google_fonts":[],"version":6}},"uagb_featured_image_src":{"full":false,"thumbnail":false,"medium":false,"medium_large":false,"large":false,"rpg_gallery_admin_thumb":false,"rpg_gallery_thumb":false,"1536x1536":false,"2048x2048":false},"uagb_author_info":{"display_name":"gugaadmin","author_link":"https:\/\/labcema.com.br\/site\/author\/gugaadmin\/"},"uagb_comment_info":0,"uagb_excerpt":"FAPERJ PPGHCA Observat\u00f3rio Patrim\u00f4nio do Sudeste Escola de Cultura da Secretaria do Estado do Rio de Janeiro de Cultura e Economia Criativa Nupam: N\u00facleo de Patrim\u00f4nio, Arquitetura e Mem\u00f3ria da UFRRJ (Nova Igua\u00e7u) C\u00e2mara Municipal de Duque de Caxias | Instituto Hist\u00f3rico Apoio Cultural Associa\u00e7\u00e3o dos Amigos do Instituto Hist\u00f3rico","_links":{"self":[{"href":"https:\/\/labcema.com.br\/site\/wp-json\/wp\/v2\/pages\/222","targetHints":{"allow":["GET"]}}],"collection":[{"href":"https:\/\/labcema.com.br\/site\/wp-json\/wp\/v2\/pages"}],"about":[{"href":"https:\/\/labcema.com.br\/site\/wp-json\/wp\/v2\/types\/page"}],"author":[{"embeddable":true,"href":"https:\/\/labcema.com.br\/site\/wp-json\/wp\/v2\/users\/1"}],"replies":[{"embeddable":true,"href":"https:\/\/labcema.com.br\/site\/wp-json\/wp\/v2\/comments?post=222"}],"version-history":[{"count":0,"href":"https:\/\/labcema.com.br\/site\/wp-json\/wp\/v2\/pages\/222\/revisions"}],"wp:attachment":[{"href":"https:\/\/labcema.com.br\/site\/wp-json\/wp\/v2\/media?parent=222"}],"wp:term":[{"taxonomy":"category","embeddable":true,"href":"https:\/\/labcema.com.br\/site\/wp-json\/wp\/v2\/categories?post=222"},{"taxonomy":"post_tag","embeddable":true,"href":"https:\/\/labcema.com.br\/site\/wp-json\/wp\/v2\/tags?post=222"}],"curies":[{"name":"wp","href":"https:\/\/api.w.org\/{rel}","templated":true}]}}