{"id":74,"date":"2025-10-13T18:08:00","date_gmt":"2025-10-13T18:08:00","guid":{"rendered":"https:\/\/labcema.com.br\/site\/?page_id=74"},"modified":"2026-03-19T15:13:10","modified_gmt":"2026-03-19T18:13:10","slug":"quem-somos-nos","status":"publish","type":"page","link":"https:\/\/labcema.com.br\/site\/quem-somos-nos\/","title":{"rendered":"QUEM SOMOS N\u00d3S"},"content":{"rendered":"\n<div class=\"wp-block-cover alignfull\" style=\"margin-bottom:0;min-height:146px;aspect-ratio:unset;\"><span aria-hidden=\"true\" class=\"wp-block-cover__background has-palette-color-18-background-color has-background-dim-100 has-background-dim\"><\/span><div class=\"wp-block-cover__inner-container is-layout-constrained wp-block-cover-is-layout-constrained\">\n<h1 class=\"wp-block-heading has-text-align-left has-palette-color-8-color has-text-color has-link-color has-large-font-size wp-elements-0aee9188db587b789cb2145f3a307d5c\">QUEM SOMOS N\u00d3S<\/h1>\n<\/div><\/div>\n\n\n\n<div class=\"wp-block-cover alignfull is-light\" style=\"margin-top:0px;margin-bottom:var(--wp--preset--spacing--40);padding-bottom:var(--wp--preset--spacing--30)\"><span aria-hidden=\"true\" class=\"wp-block-cover__background has-palette-color-11-background-color has-background-dim-0 has-background-dim\"><\/span><div class=\"wp-block-cover__inner-container is-layout-constrained wp-block-cover-is-layout-constrained\">\n<p class=\"has-text-align-center has-large-font-size\"><\/p>\n\n\n\n<div class=\"wp-block-columns is-layout-flex wp-container-core-columns-is-layout-31385feb wp-block-columns-is-layout-flex\" style=\"padding-bottom:var(--wp--preset--spacing--80)\">\n<div class=\"wp-block-column is-layout-flow wp-block-column-is-layout-flow\">\n<p class=\"has-drop-cap\">O <strong>&#8220;Laborat\u00f3rio de Estudos em Cultura, Educa\u00e7\u00e3o, Mem\u00f3ria e Arte&#8221; <\/strong>(LABCEMA) foi criado em 2024 com o objetivo de analisar quest\u00f5es interdisciplinares ligadas \u00e0s tem\u00e1ticas educacionais, art\u00edsticas e de patrim\u00f4nio, em di\u00e1logo com o contexto pol\u00edtico e social. \u200b<\/p>\n<\/div>\n\n\n\n<div class=\"wp-block-column is-layout-flow wp-block-column-is-layout-flow\">\n<p class=\"has-drop-cap\">Lida com cria\u00e7\u00e3o, an\u00e1lise e produ\u00e7\u00e3o de pesquisas e produtos did\u00e1ticos e culturais relacionados \u00e0s <strong>Mem\u00f3rias, Artes, Patrim\u00f4nios, Educa\u00e7\u00e3o e Comemora\u00e7\u00f5es<\/strong> e com an\u00e1lises de documentos, refer\u00eancias bibliogr\u00e1ficas, estudos de caso, etnografias e metodologias que forem necess\u00e1rias sobre processos de patrimonializa\u00e7\u00e3o oficiais e n\u00e3o oficiais, relacionando \u00e0 Mem\u00f3ria Social.<\/p>\n\n\n\n<div style=\"height:33px\" aria-hidden=\"true\" class=\"wp-block-spacer\"><\/div>\n\n\n\n<div class=\"wp-block-uagb-buttons uagb-buttons__outer-wrap uagb-btn__default-btn uagb-btn-tablet__default-btn uagb-btn-mobile__default-btn uagb-block-76e2712a\"><div class=\"uagb-buttons__wrap uagb-buttons-layout-wrap \">\n<div class=\"wp-block-uagb-buttons-child uagb-buttons__outer-wrap uagb-block-98a4ad20 wp-block-button\"><div class=\"uagb-button__wrapper\"><a class=\"uagb-buttons-repeater wp-block-button__link\" aria-label=\"\" href=\"https:\/\/labcema.com.br\/site\/equipe\/\" rel=\"follow noopener\" target=\"_self\" role=\"button\"><div class=\"uagb-button__link\">Conhe\u00e7a Nossa Equipe<\/div><\/a><\/div><\/div>\n<\/div><\/div>\n<\/div>\n\n\n\n<div class=\"wp-block-column is-layout-flow wp-block-column-is-layout-flow\">\n<figure class=\"wp-block-image size-full\"><img loading=\"lazy\" decoding=\"async\" width=\"960\" height=\"720\" src=\"https:\/\/labcema.com.br\/site\/wp-content\/uploads\/2025\/11\/496293326_17844087144481766_4370620779142980491_n.jpg\" alt=\"\" class=\"wp-image-776\" srcset=\"https:\/\/labcema.com.br\/site\/wp-content\/uploads\/2025\/11\/496293326_17844087144481766_4370620779142980491_n.jpg 960w, https:\/\/labcema.com.br\/site\/wp-content\/uploads\/2025\/11\/496293326_17844087144481766_4370620779142980491_n-300x225.jpg 300w, https:\/\/labcema.com.br\/site\/wp-content\/uploads\/2025\/11\/496293326_17844087144481766_4370620779142980491_n-768x576.jpg 768w\" sizes=\"auto, (max-width: 960px) 100vw, 960px\" \/><\/figure>\n<\/div>\n<\/div>\n<\/div><\/div>\n\n\n\n<div class=\"wp-block-cover alignfull is-light\" style=\"margin-top:0px;margin-bottom:var(--wp--preset--spacing--80);padding-bottom:var(--wp--preset--spacing--70)\"><span aria-hidden=\"true\" class=\"wp-block-cover__background has-palette-color-11-background-color has-background-dim-0 has-background-dim\"><\/span><div class=\"wp-block-cover__inner-container is-layout-constrained wp-block-cover-is-layout-constrained\">\n<div class=\"wp-block-columns has-palette-color-14-background-color has-background is-layout-flex wp-container-core-columns-is-layout-74e2db4f wp-block-columns-is-layout-flex\" style=\"padding-top:0px;padding-right:0px;padding-bottom:0px;padding-left:0px\">\n<div class=\"wp-block-column is-layout-flow wp-container-core-column-is-layout-40a3ce07 wp-block-column-is-layout-flow\" style=\"padding-top:0px;padding-right:0px;padding-bottom:0px;padding-left:0px;flex-basis:33.33%\"><script type=\"text\/javascript\">\r\ndocument.addEventListener(\"DOMContentLoaded\", function(event) { \r\n\tjQuery( '#slider-pro-3-1488' ).sliderPro({\r\n\t\t\/\/width\r\n\t\t\t\twidth: 1000,\r\n\t\t\t\t\r\n\t\t\/\/height\r\n\t\t\t\theight: 1000,\r\n\t\t\t\t\r\n\t\t\/\/auto play\r\n\t\t\t\tautoplay:  true,\r\n\t\tautoplayOnHover: 'none',\r\n\t\t\t\t\t\t\t\tautoplayDelay: 5000,\r\n\t\t\r\n\t\t\r\n\t\tarrows: true,\r\n\t\tbuttons: false,\r\n\t\tsmallSize: 500,\r\n\t\tmediumSize: 1000,\r\n\t\tlargeSize: 3000,\r\n\t\tfade: true,\r\n\t\t\r\n\t\t\/\/thumbnail\r\n\t\tthumbnailArrows: true,\r\n\t\tthumbnailWidth: 120,\r\n\t\tthumbnailHeight: 120,\r\n\t\t\t\t\t\tthumbnailsPosition: 'bottom',\r\n\t\t\t\t\t\tcenterImage: true,\r\n\t\timageScaleMode: 'cover',\r\n\t\tallowScaleUp: true,\r\n\t\t\t\tstartSlide: 0,\r\n\t\tloop: true,\r\n\t\tslideDistance: 5,\r\n\t\tautoplayDirection: 'normal',\r\n\t\ttouchSwipe: true,\r\n\t\tfullScreen: true,\r\n\t});\r\n});\r\n<\/script>\r\n\r\n\t\t<div id=\"slider-pro-3-1488\" class=\"slider-pro\">\r\n\t\t\t<!---- slides div start ---->\r\n\t\t\t<div class=\"sp-slides\">\r\n\t\t\t\t\t\t\t\t\t\t<div class=\"sp-slide\">\r\n\t\t\t\t\t\t\t<img decoding=\"async\" class=\"sp-image\" loading=\"lazy\" alt=\"38114558-166b-4173-9469-8462e66e46dc\" src=\"https:\/\/labcema.com.br\/site\/wp-content\/plugins\/ultimate-responsive-image-slider\/assets\/css\/images\/blank.gif\" data-src=\"https:\/\/labcema.com.br\/site\/wp-content\/uploads\/2026\/03\/38114558-166b-4173-9469-8462e66e46dc.jpg\" \/>\r\n\r\n\t\t\t\t\t\t\t\r\n\t\t\t\t\t\t\t\t\t\t\t\t\t<\/div>\r\n\t\t\t\t\t\t\t\t\t\t\t\t<div class=\"sp-slide\">\r\n\t\t\t\t\t\t\t<img decoding=\"async\" class=\"sp-image\" loading=\"lazy\" alt=\"Parceria Observat\u00f3rio do Patrim\u00f4nio\" src=\"https:\/\/labcema.com.br\/site\/wp-content\/plugins\/ultimate-responsive-image-slider\/assets\/css\/images\/blank.gif\" data-src=\"https:\/\/labcema.com.br\/site\/wp-content\/uploads\/2026\/03\/IMG_1975.jpeg\" \/>\r\n\r\n\t\t\t\t\t\t\t\r\n\t\t\t\t\t\t\t\t\t\t\t\t\t\t<p class=\"sp-layer sp-black sp-padding desc-in desc-in-bg hide-medium-screen\"\r\n\t\t\t\t\t\t\t\tdata-position=\"bottomCenter\"\r\n\t\t\t\t\t\t\t\tdata-vertical=\"0%\"\r\n\t\t\t\t\t\t\t\tdata-show-transition=\"right\" data-show-delay=\"500\">\r\n\t\t\t\t\t\t\t\tParceria Observat\u00f3rio do Patrim\u00f4nio Cultural\t\t\t\t\t\t\t<\/p>\r\n\t\t\t\t\t\t\t\t\t\t\t\t\t<\/div>\r\n\t\t\t\t\t\t\t\t\t\t\t\t<div class=\"sp-slide\">\r\n\t\t\t\t\t\t\t<img decoding=\"async\" class=\"sp-image\" loading=\"lazy\" alt=\"Parceria Observat\u00f3rio do Patrim\u00f4nio\" src=\"https:\/\/labcema.com.br\/site\/wp-content\/plugins\/ultimate-responsive-image-slider\/assets\/css\/images\/blank.gif\" data-src=\"https:\/\/labcema.com.br\/site\/wp-content\/uploads\/2026\/03\/WhatsApp-Image-2026-03-12-at-10.03.10.jpeg\" \/>\r\n\r\n\t\t\t\t\t\t\t\r\n\t\t\t\t\t\t\t\t\t\t\t\t\t\t<p class=\"sp-layer sp-black sp-padding desc-in desc-in-bg hide-medium-screen\"\r\n\t\t\t\t\t\t\t\tdata-position=\"bottomCenter\"\r\n\t\t\t\t\t\t\t\tdata-vertical=\"0%\"\r\n\t\t\t\t\t\t\t\tdata-show-transition=\"right\" data-show-delay=\"500\">\r\n\t\t\t\t\t\t\t\tParceria Observat\u00f3rio do Patrim\u00f4nio Cultural\t\t\t\t\t\t\t<\/p>\r\n\t\t\t\t\t\t\t\t\t\t\t\t\t<\/div>\r\n\t\t\t\t\t\t\t\t\t\t\t\t<div class=\"sp-slide\">\r\n\t\t\t\t\t\t\t<img decoding=\"async\" class=\"sp-image\" loading=\"lazy\" alt=\"Parceria Observat\u00f3rio do Patrim\u00f4nio\" src=\"https:\/\/labcema.com.br\/site\/wp-content\/plugins\/ultimate-responsive-image-slider\/assets\/css\/images\/blank.gif\" data-src=\"https:\/\/labcema.com.br\/site\/wp-content\/uploads\/2026\/03\/IMG_5236.jpeg\" \/>\r\n\r\n\t\t\t\t\t\t\t\r\n\t\t\t\t\t\t\t\t\t\t\t\t\t\t<p class=\"sp-layer sp-black sp-padding desc-in desc-in-bg hide-medium-screen\"\r\n\t\t\t\t\t\t\t\tdata-position=\"bottomCenter\"\r\n\t\t\t\t\t\t\t\tdata-vertical=\"0%\"\r\n\t\t\t\t\t\t\t\tdata-show-transition=\"right\" data-show-delay=\"500\">\r\n\t\t\t\t\t\t\t\tParceria Observat\u00f3rio do Patrim\u00f4nio Cultural\t\t\t\t\t\t\t<\/p>\r\n\t\t\t\t\t\t\t\t\t\t\t\t\t<\/div>\r\n\t\t\t\t\t\t\t\t\t\t\t\t<div class=\"sp-slide\">\r\n\t\t\t\t\t\t\t<img decoding=\"async\" class=\"sp-image\" loading=\"lazy\" alt=\"Parceria SECEC\" src=\"https:\/\/labcema.com.br\/site\/wp-content\/plugins\/ultimate-responsive-image-slider\/assets\/css\/images\/blank.gif\" data-src=\"https:\/\/labcema.com.br\/site\/wp-content\/uploads\/2026\/03\/Parceria-SECEC.png\" \/>\r\n\r\n\t\t\t\t\t\t\t\r\n\t\t\t\t\t\t\t\t\t\t\t\t\t\t<p class=\"sp-layer sp-black sp-padding desc-in desc-in-bg hide-medium-screen\"\r\n\t\t\t\t\t\t\t\tdata-position=\"bottomCenter\"\r\n\t\t\t\t\t\t\t\tdata-vertical=\"0%\"\r\n\t\t\t\t\t\t\t\tdata-show-transition=\"right\" data-show-delay=\"500\">\r\n\t\t\t\t\t\t\t\tParceria SECEC\t\t\t\t\t\t\t<\/p>\r\n\t\t\t\t\t\t\t\t\t\t\t\t\t<\/div>\r\n\t\t\t\t\t\t\t\t\t\t\t\t<div class=\"sp-slide\">\r\n\t\t\t\t\t\t\t<img decoding=\"async\" class=\"sp-image\" loading=\"lazy\" alt=\"Parceria NUPAN\" src=\"https:\/\/labcema.com.br\/site\/wp-content\/plugins\/ultimate-responsive-image-slider\/assets\/css\/images\/blank.gif\" data-src=\"https:\/\/labcema.com.br\/site\/wp-content\/uploads\/2026\/03\/Parceria-Nupam.png\" \/>\r\n\r\n\t\t\t\t\t\t\t\r\n\t\t\t\t\t\t\t\t\t\t\t\t\t\t<p class=\"sp-layer sp-black sp-padding desc-in desc-in-bg hide-medium-screen\"\r\n\t\t\t\t\t\t\t\tdata-position=\"bottomCenter\"\r\n\t\t\t\t\t\t\t\tdata-vertical=\"0%\"\r\n\t\t\t\t\t\t\t\tdata-show-transition=\"right\" data-show-delay=\"500\">\r\n\t\t\t\t\t\t\t\tParceria NUPAN\t\t\t\t\t\t\t<\/p>\r\n\t\t\t\t\t\t\t\t\t\t\t\t\t<\/div>\r\n\t\t\t\t\t\t\t\t\t\t\t\t<div class=\"sp-slide\">\r\n\t\t\t\t\t\t\t<img decoding=\"async\" class=\"sp-image\" loading=\"lazy\" alt=\"Parceria Inst. Hist. e Geogr\u00e1fico de D. Caxias\" src=\"https:\/\/labcema.com.br\/site\/wp-content\/plugins\/ultimate-responsive-image-slider\/assets\/css\/images\/blank.gif\" data-src=\"https:\/\/labcema.com.br\/site\/wp-content\/uploads\/2026\/03\/IMG_1014.jpg\" \/>\r\n\r\n\t\t\t\t\t\t\t\r\n\t\t\t\t\t\t\t\t\t\t\t\t\t\t<p class=\"sp-layer sp-black sp-padding desc-in desc-in-bg hide-medium-screen\"\r\n\t\t\t\t\t\t\t\tdata-position=\"bottomCenter\"\r\n\t\t\t\t\t\t\t\tdata-vertical=\"0%\"\r\n\t\t\t\t\t\t\t\tdata-show-transition=\"right\" data-show-delay=\"500\">\r\n\t\t\t\t\t\t\t\tParceria Inst. Hist\u00f3rico e Geogr\u00e1fico de D. Caxias\t\t\t\t\t\t\t<\/p>\r\n\t\t\t\t\t\t\t\t\t\t\t\t\t<\/div>\r\n\t\t\t\t\t\t\t\t\t<\/div>\r\n\t\t\t\r\n\t\t\t<!---- slides div end ---->\r\n\t\t\t\t\t\t<!-- slides thumbnails div end -->\r\n\t\t<\/div>\r\n\t\t<style>\r\n\/* Layout 3 *\/\r\n\/* border *\/\r\n#slider-pro-3-1488 .sp-selected-thumbnail {\r\n\tborder: 4px solid #000000;\r\n}\r\n\r\n\/* font + color *\/\r\n.title-in  {\r\n\tfont-family: Arial !important;\r\n\tcolor: #FFFFFF !important;\r\n\tbackground-color: #000000 !important;\r\n\topacity: 0.7 !important;\r\n}\r\n.desc-in  {\r\n\tfont-family: Arial !important;\r\n\tcolor: #FFFFFF !important;\r\n\tbackground-color: #00000 !important;\r\n\topacity: 0.7 !important;\r\n}\r\n\r\n\/* bullets color *\/\r\n.sp-button  {\r\n\tborder: 2px solid #ffffff !important;\r\n}\r\n.sp-selected-button  {\r\n\tbackground-color: #ffffff !important;\r\n}\r\n\r\n\/* pointer color - bottom *\/\r\n.sp-selected-thumbnail::before {\r\n\tborder-bottom: 5px solid #000000 !important;\r\n}\r\n.sp-selected-thumbnail::after {\r\n\tborder-bottom: 13px solid #000000 !important;\r\n}\r\n\r\n\/* pointer color - top *\/\r\n\r\n\/* full screen icon *\/\r\n.sp-full-screen-button::before {\r\n    color: #FFFFFF !important;\r\n}\r\n\r\n\/* hover navigation icon color *\/\r\n.sp-next-arrow::after, .sp-next-arrow::before {\r\n\tbackground-color: #FFFFFF !important;\r\n}\r\n.sp-previous-arrow::after, .sp-previous-arrow::before {\r\n\tbackground-color: #FFFFFF !important;\r\n}\r\n\r\n#slider-pro-3-1488 .title-in {\r\n\tcolor: #FFFFFF !important;\r\n\tfont-weight: bolder;\r\n\ttext-align: center;\r\n}\r\n\r\n#slider-pro-3-1488 .title-in-bg {\r\n\tbackground: rgba(255, 255, 255, 0.7); !important;\r\n\twhite-space: unset !important;\r\n\ttransform: initial !important;\r\n\t-webkit-transform: initial !important;\r\n\tfont-size: 14px !important;\r\n}\r\n\r\n#slider-pro-3-1488 .desc-in {\r\n\tcolor: #FFFFFF !important;\r\n\ttext-align: center;\r\n}\r\n#slider-pro-3-1488 .desc-in-bg {\r\n\tbackground: rgba(#00000, 0.7) !important;\r\n\twhite-space: unset !important;\r\n\ttransform: initial !important;\r\n\t-webkit-transform: initial !important;\r\n\tfont-size: 13px !important;\r\n}\r\n\r\n@media (max-width: 640px) {\r\n\t#slider-pro-3-1488 .hide-small-screen {\r\n\t\tdisplay: none;\r\n\t}\r\n}\r\n\r\n@media (max-width: 860px) {\r\n\t#slider-pro-3-1488 .sp-layer {\r\n\t\tfont-size: 18px;\r\n\t}\r\n\t\r\n\t#slider-pro-3-1488 .hide-medium-screen {\r\n\t\tdisplay: none;\r\n\t}\r\n}\r\n.slides-not-found {\r\n\tbackground-color: #a92929;\r\n\tborder-radius: 5px;\r\n\tcolor: #fff;\r\n\tfont-family: initial;\r\n\ttext-align: center;\r\n\tpadding:12px;\r\n}\r\n\/* Custom CSS *\/\r\np.sp-layer.sp-black.sp-padding.desc-in.desc-in-bg.hide-medium-screen { text-transform:uppercase; width: 100%; margin: 0px; } @media (max-width: 860px) { #slider-pro-3-1488 .hide-medium-screen {display: inline !important ;} }<\/style>\r\n\n<\/div>\n\n\n\n<div class=\"wp-block-column is-layout-flow wp-block-column-is-layout-flow\" style=\"flex-basis:66.66%\">\n<div class=\"wp-block-uagb-container uagb-block-d258db71 alignfull uagb-is-root-container\"><div class=\"uagb-container-inner-blocks-wrap\">\n<div class=\"wp-block-columns is-layout-flex wp-container-core-columns-is-layout-28f84493 wp-block-columns-is-layout-flex\">\n<div class=\"wp-block-column is-layout-flow wp-block-column-is-layout-flow\">\n<h5 class=\"wp-block-heading\"><strong>O LABCEMA, que conta com o apoio da FAPERJ, \u00e9 parceiro:<\/strong><\/h5>\n<\/div>\n<\/div>\n\n\n\n<div class=\"wp-block-columns is-layout-flex wp-container-core-columns-is-layout-a3a1f8a3 wp-block-columns-is-layout-flex\">\n<div class=\"wp-block-column is-layout-flow wp-block-column-is-layout-flow\">\n<ul class=\"wp-block-list\">\n<li>da Escola de Inova\u00e7\u00e3o da Secretaria Estadual de Cultura e Economia Criativa do Rio de Janeiro, <\/li>\n\n\n\n<li>do Instituto Hist\u00f3rico da C\u00e2mara Municipal de Duque de Caxias, <\/li>\n<\/ul>\n<\/div>\n\n\n\n<div class=\"wp-block-column is-layout-flow wp-block-column-is-layout-flow\">\n<ul class=\"wp-block-list\">\n<li>do Observat\u00f3rio do Patrim\u00f4nio Cultural do Sudeste, do Programa de P\u00f3s-Gradua\u00e7\u00e3o em Mem\u00f3ria Social da Unirio, <\/li>\n\n\n\n<li>al\u00e9m do N\u00facleo de Patrim\u00f4nio, Arquitetura e Mem\u00f3ria da UFRRJ (Nupam &#8211; UFRRJ de Nova Igua\u00e7u).<\/li>\n<\/ul>\n<\/div>\n<\/div>\n\n\n\n<div class=\"wp-block-columns is-layout-flex wp-container-core-columns-is-layout-28f84493 wp-block-columns-is-layout-flex\">\n<div class=\"wp-block-column is-layout-flow wp-block-column-is-layout-flow\"><\/div>\n\n\n\n<div class=\"wp-block-column is-layout-flow wp-block-column-is-layout-flow\">\n<div class=\"wp-block-uagb-buttons uagb-buttons__outer-wrap uagb-btn__default-btn uagb-btn-tablet__default-btn uagb-btn-mobile__default-btn uagb-block-d90cb691\"><div class=\"uagb-buttons__wrap uagb-buttons-layout-wrap \">\n<div class=\"wp-block-uagb-buttons-child uagb-buttons__outer-wrap uagb-block-6490cb72 wp-block-button\"><div class=\"uagb-button__wrapper\"><a class=\"uagb-buttons-repeater wp-block-button__link\" aria-label=\"\" href=\"#\" rel=\"follow noopener\" target=\"_self\" role=\"button\"><div class=\"uagb-button__link\">Conhe\u00e7a nossos parceiros<\/div><\/a><\/div><\/div>\n<\/div><\/div>\n<\/div>\n<\/div>\n<\/div><\/div>\n<\/div>\n<\/div>\n<\/div><\/div>\n","protected":false},"excerpt":{"rendered":"","protected":false},"author":1,"featured_media":0,"parent":0,"menu_order":0,"comment_status":"closed","ping_status":"closed","template":"","meta":{"_uag_custom_page_level_css":"p.has-drop-cap:first-letter {\n    \n    font-weight: 500 !important;\n    color:  #d93d53 !important;\n\tfont-family: \"Allerta\";\n}","_themeisle_gutenberg_block_has_review":false,"footnotes":""},"categories":[],"tags":[],"class_list":["post-74","page","type-page","status-publish","hentry"],"blocksy_meta":{"has_hero_section":"disabled","styles_descriptor":{"styles":{"desktop":"","tablet":"","mobile":""},"google_fonts":[],"version":6}},"uagb_featured_image_src":{"full":false,"thumbnail":false,"medium":false,"medium_large":false,"large":false,"rpg_gallery_admin_thumb":false,"rpg_gallery_thumb":false,"1536x1536":false,"2048x2048":false},"uagb_author_info":{"display_name":"gugaadmin","author_link":"https:\/\/labcema.com.br\/site\/author\/gugaadmin\/"},"uagb_comment_info":0,"uagb_excerpt":null,"_links":{"self":[{"href":"https:\/\/labcema.com.br\/site\/wp-json\/wp\/v2\/pages\/74","targetHints":{"allow":["GET"]}}],"collection":[{"href":"https:\/\/labcema.com.br\/site\/wp-json\/wp\/v2\/pages"}],"about":[{"href":"https:\/\/labcema.com.br\/site\/wp-json\/wp\/v2\/types\/page"}],"author":[{"embeddable":true,"href":"https:\/\/labcema.com.br\/site\/wp-json\/wp\/v2\/users\/1"}],"replies":[{"embeddable":true,"href":"https:\/\/labcema.com.br\/site\/wp-json\/wp\/v2\/comments?post=74"}],"version-history":[{"count":1,"href":"https:\/\/labcema.com.br\/site\/wp-json\/wp\/v2\/pages\/74\/revisions"}],"predecessor-version":[{"id":2514,"href":"https:\/\/labcema.com.br\/site\/wp-json\/wp\/v2\/pages\/74\/revisions\/2514"}],"wp:attachment":[{"href":"https:\/\/labcema.com.br\/site\/wp-json\/wp\/v2\/media?parent=74"}],"wp:term":[{"taxonomy":"category","embeddable":true,"href":"https:\/\/labcema.com.br\/site\/wp-json\/wp\/v2\/categories?post=74"},{"taxonomy":"post_tag","embeddable":true,"href":"https:\/\/labcema.com.br\/site\/wp-json\/wp\/v2\/tags?post=74"}],"curies":[{"name":"wp","href":"https:\/\/api.w.org\/{rel}","templated":true}]}}