{"id":82,"date":"2025-10-13T18:09:10","date_gmt":"2025-10-13T18:09:10","guid":{"rendered":"https:\/\/labcema.com.br\/site\/?page_id=82"},"modified":"2026-03-16T12:05:57","modified_gmt":"2026-03-16T15:05:57","slug":"nossos-eventos","status":"publish","type":"page","link":"https:\/\/labcema.com.br\/site\/nossos-eventos\/","title":{"rendered":"NOSSOS EVENTOS"},"content":{"rendered":"\n<div class=\"wp-block-cover alignfull\" style=\"margin-bottom:var(--wp--preset--spacing--80);min-height:146px;aspect-ratio:unset;\"><span aria-hidden=\"true\" class=\"wp-block-cover__background has-palette-color-17-background-color has-background-dim-100 has-background-dim\"><\/span><div class=\"wp-block-cover__inner-container is-layout-constrained wp-block-cover-is-layout-constrained\">\n<h1 class=\"wp-block-heading has-text-align-left has-palette-color-8-color has-text-color has-link-color has-large-font-size wp-elements-3af33695c1b2deb5c3bf2d3711a1e339\">NOSSOS EVENTOS<\/h1>\n<\/div><\/div>\n\n\n\n<p><\/p>\n\n\n<div class='pt-cv-wrapper'> <div class=\"pt-cv-view pt-cv-overlaygrid iscvblock iscvreal overlay1 layout1\" id=\"pt-cv-view-hlbv2bzd\"><div data-id=\"pt-cv-page-1\" class=\"pt-cv-page\" data-cvc=\"3\"><div class=\" pt-cv-content-item pt-cv-1-col\" ><div class=\"pt-cv-thumb-wrapper  \"><a href=\"https:\/\/labcema.com.br\/site\/pre-lancamento-de-livro-e-lancamento-de-documentario\/\" class=\"_self pt-cv-href-thumbnail pt-cv-thumb-default\" target=\"_self\" ><img loading=\"lazy\" decoding=\"async\" width=\"686\" height=\"386\" src=\"https:\/\/labcema.com.br\/site\/wp-content\/uploads\/2025\/11\/Memorias-da-Devocao.jpg\" class=\"pt-cv-thumbnail\" alt=\"\" \/><\/a><div class=\"pt-cv-taxoterm over_top_left\"><a href='https:\/\/labcema.com.br\/site\/category\/nossos-eventos\/' title='Nossos Eventos' class='pt-cv-tax-nossos-eventos'>Nossos Eventos<\/a><\/div><\/div>\n<div class=\"pt-cv-overlay-wrapper\"><h3 class=\"pt-cv-title\"><a href=\"https:\/\/labcema.com.br\/site\/pre-lancamento-de-livro-e-lancamento-de-documentario\/\" class=\"_self\" target=\"_self\" >Pr\u00e9-lan\u00e7amento de livro e lan\u00e7amento de document\u00e1rio: \u201cMem\u00f3rias da Devo\u00e7\u00e3o\u201d<\/a><\/h3><div class=\"pt-cv-rmwrap\"><a href=\"https:\/\/labcema.com.br\/site\/pre-lancamento-de-livro-e-lancamento-de-documentario\/\" class=\"_self pt-cv-readmore btn btn-success\" target=\"_self\" >Leia Mais<\/a><\/div><\/div><\/div>\n<div class=\" pt-cv-content-item pt-cv-1-col\" ><div class=\"pt-cv-thumb-wrapper  \"><a href=\"https:\/\/labcema.com.br\/site\/evento-baixada-em-cena-oficina-de-autorretrato\/\" class=\"_self pt-cv-href-thumbnail pt-cv-thumb-default\" target=\"_self\" ><img loading=\"lazy\" decoding=\"async\" width=\"768\" height=\"620\" src=\"https:\/\/labcema.com.br\/site\/wp-content\/uploads\/2025\/11\/Oficina-de-Autorretrato-768x620.jpg\" class=\"pt-cv-thumbnail\" alt=\"\" \/><\/a><div class=\"pt-cv-taxoterm over_top_left\"><a href='https:\/\/labcema.com.br\/site\/category\/nossos-eventos\/' title='Nossos Eventos' class='pt-cv-tax-nossos-eventos'>Nossos Eventos<\/a><\/div><\/div>\n<div class=\"pt-cv-overlay-wrapper\"><h3 class=\"pt-cv-title\"><a href=\"https:\/\/labcema.com.br\/site\/evento-baixada-em-cena-oficina-de-autorretrato\/\" class=\"_self\" target=\"_self\" >Evento Baixada em Cena: Oficina de Autorretrato.<\/a><\/h3><div class=\"pt-cv-rmwrap\"><a href=\"https:\/\/labcema.com.br\/site\/evento-baixada-em-cena-oficina-de-autorretrato\/\" class=\"_self pt-cv-readmore btn btn-success\" target=\"_self\" >Leia Mais<\/a><\/div><\/div><\/div>\n<div class=\" pt-cv-content-item pt-cv-1-col\" ><div class=\"pt-cv-thumb-wrapper  \"><a href=\"https:\/\/labcema.com.br\/site\/unigranrio-oferece-capacitacao-para-os-novos-conselheiros-de-cultura-do-estado-do-rio-de-janeiro\/\" class=\"_self pt-cv-href-thumbnail pt-cv-thumb-default\" target=\"_self\" ><img loading=\"lazy\" decoding=\"async\" width=\"768\" height=\"490\" src=\"https:\/\/labcema.com.br\/site\/wp-content\/uploads\/2025\/11\/treinamento-SECEC-768x490.jpg\" class=\"pt-cv-thumbnail\" alt=\"\" \/><\/a><div class=\"pt-cv-taxoterm over_top_left\"><a href='https:\/\/labcema.com.br\/site\/category\/nossos-eventos\/' title='Nossos Eventos' class='pt-cv-tax-nossos-eventos'>Nossos Eventos<\/a><\/div><\/div>\n<div class=\"pt-cv-overlay-wrapper\"><h3 class=\"pt-cv-title\"><a href=\"https:\/\/labcema.com.br\/site\/unigranrio-oferece-capacitacao-para-os-novos-conselheiros-de-cultura-do-estado-do-rio-de-janeiro\/\" class=\"_self\" target=\"_self\" >Unigranrio oferece capacita\u00e7\u00e3o para os novos Conselheiros de Cultura do Estado do Rio de Janeiro\u00a0<\/a><\/h3><div class=\"pt-cv-rmwrap\"><a href=\"https:\/\/labcema.com.br\/site\/unigranrio-oferece-capacitacao-para-os-novos-conselheiros-de-cultura-do-estado-do-rio-de-janeiro\/\" class=\"_self pt-cv-readmore btn btn-success\" target=\"_self\" >Leia Mais<\/a><\/div><\/div><\/div>\n<div class=\" pt-cv-content-item pt-cv-1-col\" ><div class=\"pt-cv-thumb-wrapper  \"><a href=\"https:\/\/labcema.com.br\/site\/i-seminario-de-arte-cultura-e-patrimonio-da-baixada-fluminense\/\" class=\"_self pt-cv-href-thumbnail pt-cv-thumb-default\" target=\"_self\" ><img loading=\"lazy\" decoding=\"async\" width=\"768\" height=\"307\" src=\"https:\/\/labcema.com.br\/site\/wp-content\/uploads\/2025\/10\/ISEMINARIOBANNEREVEN3.1454e24b76ec4c7a9e25-768x307.webp\" class=\"pt-cv-thumbnail\" alt=\"\" \/><\/a><div class=\"pt-cv-taxoterm over_top_left\"><a href='https:\/\/labcema.com.br\/site\/category\/nossos-eventos\/' title='Nossos Eventos' class='pt-cv-tax-nossos-eventos'>Nossos Eventos<\/a><\/div><\/div>\n<div class=\"pt-cv-overlay-wrapper\"><h3 class=\"pt-cv-title\"><a href=\"https:\/\/labcema.com.br\/site\/i-seminario-de-arte-cultura-e-patrimonio-da-baixada-fluminense\/\" class=\"_self\" target=\"_self\" >I Semin\u00e1rio de Arte, Cultura e Patrim\u00f4nio da Baixada Fluminense<\/a><\/h3><div class=\"pt-cv-rmwrap\"><a href=\"https:\/\/labcema.com.br\/site\/i-seminario-de-arte-cultura-e-patrimonio-da-baixada-fluminense\/\" class=\"_self pt-cv-readmore btn btn-success\" target=\"_self\" >Leia Mais<\/a><\/div><\/div><\/div><\/div><\/div> <\/div> <style>\n#pt-cv-view-hlbv2bzd {text-align: left}#pt-cv-view-hlbv2bzd .pt-cv-thumb-wrapper::before {background: linear-gradient(180deg,rgba(0,0,0,0) 10%,rgba(0,0,0,0.41) 46%,rgba(5,5,5,0.64) 58%,rgba(0,0,0,0.95) 100%); opacity: 1;}#pt-cv-view-hlbv2bzd .pt-cv-overlay-wrapper {justify-content: flex-end;}\n#pt-cv-view-hlbv2bzd .pt-cv-meta-fields { padding: 6px 6px 6px 6px; }#pt-cv-view-hlbv2bzd .pt-cv-meta-fields * { font-size: 13px; }#pt-cv-view-hlbv2bzd .pt-cv-title a { display: block;padding: 6px 6px 6px 6px; }#pt-cv-view-hlbv2bzd .pt-cv-title:not(.pt-cv-titlesm) a { font-weight: 600;text-decoration: none;font-size: 27px;line-height: 35px; }#pt-cv-view-hlbv2bzd .pt-cv-titlesm a { font-weight: 600;font-size: 18px; }#pt-cv-view-hlbv2bzd .pt-cv-content { font-size: 15px; }#pt-cv-view-hlbv2bzd .pt-cv-rmwrap {  }#pt-cv-view-hlbv2bzd .pt-cv-readmore { color: #fff;background-color: var(--theme-palette-color-14, #8ab1bd);font-size: 14px;border-radius: 0px 0px 0px 0px; }#pt-cv-view-hlbv2bzd .pt-cv-taxoterm { margin: 20px 20px 20px 20px; }#pt-cv-view-hlbv2bzd .pt-cv-taxoterm * { color: var(--theme-palette-color-8, #ffffff);background-color: var(--theme-palette-color-9, #D84B2E);text-transform: uppercase;font-size: 14px; }#pt-cv-view-hlbv2bzd + .pt-cv-pagination-wrapper {  }#pt-cv-view-hlbv2bzd + .pt-cv-pagination-wrapper a { font-size: 14px; }#pt-cv-view-hlbv2bzd > .pt-cv-page {grid-template-columns: repeat(3, 1fr);grid-auto-rows: 409px;grid-gap: 20px;}\n@media all and (max-width: 1024px) { \n#pt-cv-view-hlbv2bzd > .pt-cv-page {grid-template-columns: repeat(2, 1fr);}\n} \n@media all and (max-width: 767px) { \n#pt-cv-view-hlbv2bzd > .pt-cv-page {grid-template-columns: repeat(1, 1fr);}\n} <\/style>","protected":false},"excerpt":{"rendered":"","protected":false},"author":1,"featured_media":0,"parent":0,"menu_order":0,"comment_status":"closed","ping_status":"closed","template":"","meta":{"_uag_custom_page_level_css":"","_themeisle_gutenberg_block_has_review":false,"footnotes":""},"categories":[],"tags":[],"class_list":["post-82","page","type-page","status-publish","hentry"],"blocksy_meta":{"has_hero_section":"disabled","styles_descriptor":{"styles":{"desktop":"","tablet":"","mobile":""},"google_fonts":[],"version":6}},"uagb_featured_image_src":{"full":false,"thumbnail":false,"medium":false,"medium_large":false,"large":false,"rpg_gallery_admin_thumb":false,"rpg_gallery_thumb":false,"1536x1536":false,"2048x2048":false},"uagb_author_info":{"display_name":"gugaadmin","author_link":"https:\/\/labcema.com.br\/site\/author\/gugaadmin\/"},"uagb_comment_info":0,"uagb_excerpt":null,"_links":{"self":[{"href":"https:\/\/labcema.com.br\/site\/wp-json\/wp\/v2\/pages\/82","targetHints":{"allow":["GET"]}}],"collection":[{"href":"https:\/\/labcema.com.br\/site\/wp-json\/wp\/v2\/pages"}],"about":[{"href":"https:\/\/labcema.com.br\/site\/wp-json\/wp\/v2\/types\/page"}],"author":[{"embeddable":true,"href":"https:\/\/labcema.com.br\/site\/wp-json\/wp\/v2\/users\/1"}],"replies":[{"embeddable":true,"href":"https:\/\/labcema.com.br\/site\/wp-json\/wp\/v2\/comments?post=82"}],"version-history":[{"count":2,"href":"https:\/\/labcema.com.br\/site\/wp-json\/wp\/v2\/pages\/82\/revisions"}],"predecessor-version":[{"id":2314,"href":"https:\/\/labcema.com.br\/site\/wp-json\/wp\/v2\/pages\/82\/revisions\/2314"}],"wp:attachment":[{"href":"https:\/\/labcema.com.br\/site\/wp-json\/wp\/v2\/media?parent=82"}],"wp:term":[{"taxonomy":"category","embeddable":true,"href":"https:\/\/labcema.com.br\/site\/wp-json\/wp\/v2\/categories?post=82"},{"taxonomy":"post_tag","embeddable":true,"href":"https:\/\/labcema.com.br\/site\/wp-json\/wp\/v2\/tags?post=82"}],"curies":[{"name":"wp","href":"https:\/\/api.w.org\/{rel}","templated":true}]}}